{"id":29,"date":"2026-05-07T20:38:08","date_gmt":"2026-05-07T18:38:08","guid":{"rendered":"http:\/\/teczowispolecznicy.org\/?page_id=29"},"modified":"2026-05-07T22:08:50","modified_gmt":"2026-05-07T20:08:50","slug":"hostel-interwencyjny","status":"publish","type":"page","link":"https:\/\/teczowispolecznicy.org\/?page_id=29","title":{"rendered":"HOSTEL INTERWENCYJNY"},"content":{"rendered":"<style>.kb-row-layout-id29_46e986-e3 > .kt-row-column-wrap{align-content:start;}:where(.kb-row-layout-id29_46e986-e3 > .kt-row-column-wrap) > .wp-block-kadence-column{justify-content:start;}.kb-row-layout-id29_46e986-e3 > .kt-row-column-wrap{column-gap:var(--global-kb-gap-md, 2rem);row-gap:var(--global-kb-gap-md, 2rem);max-width:1000px;margin-left:auto;margin-right:auto;padding-top:24px;padding-right:24px;padding-bottom:24px;padding-left:24px;grid-template-columns:minmax(0, 1fr);}.kb-row-layout-id29_46e986-e3 > .kt-row-layout-overlay{opacity:0.30;}@media all and (max-width: 1024px){.kb-row-layout-id29_46e986-e3 > .kt-row-column-wrap{grid-template-columns:minmax(0, 1fr);}}@media all and (max-width: 767px){.kb-row-layout-id29_46e986-e3 > .kt-row-column-wrap{grid-template-columns:minmax(0, 1fr);}}<\/style><div class=\"kb-row-layout-wrap kb-row-layout-id29_46e986-e3 alignnone wp-block-kadence-rowlayout\"><div class=\"kt-row-column-wrap kt-has-1-columns kt-row-layout-equal kt-tab-layout-inherit kt-mobile-layout-row kt-row-valign-top\">\n<style>.kadence-column29_c03fb9-38 > .kt-inside-inner-col,.kadence-column29_c03fb9-38 > .kt-inside-inner-col:before{border-top-left-radius:0px;border-top-right-radius:0px;border-bottom-right-radius:0px;border-bottom-left-radius:0px;}.kadence-column29_c03fb9-38 > .kt-inside-inner-col{column-gap:var(--global-kb-gap-sm, 1rem);}.kadence-column29_c03fb9-38 > .kt-inside-inner-col{flex-direction:column;}.kadence-column29_c03fb9-38 > .kt-inside-inner-col > .aligncenter{width:100%;}.kadence-column29_c03fb9-38 > .kt-inside-inner-col:before{opacity:0.3;}.kadence-column29_c03fb9-38{position:relative;}@media all and (max-width: 1024px){.kadence-column29_c03fb9-38 > .kt-inside-inner-col{flex-direction:column;justify-content:center;}}@media all and (max-width: 767px){.kadence-column29_c03fb9-38 > .kt-inside-inner-col{flex-direction:column;justify-content:center;}}<\/style>\n<div class=\"wp-block-kadence-column kadence-column29_c03fb9-38\"><div class=\"kt-inside-inner-col\"><style>.wp-block-kadence-advancedheading.kt-adv-heading29_2dfc31-28, .wp-block-kadence-advancedheading.kt-adv-heading29_2dfc31-28[data-kb-block=\"kb-adv-heading29_2dfc31-28\"]{font-style:normal;}.wp-block-kadence-advancedheading.kt-adv-heading29_2dfc31-28 mark.kt-highlight, .wp-block-kadence-advancedheading.kt-adv-heading29_2dfc31-28[data-kb-block=\"kb-adv-heading29_2dfc31-28\"] mark.kt-highlight{font-style:normal;color:#f76a0c;-webkit-box-decoration-break:clone;box-decoration-break:clone;padding-top:0px;padding-right:0px;padding-bottom:0px;padding-left:0px;}.wp-block-kadence-advancedheading.kt-adv-heading29_2dfc31-28 img.kb-inline-image, .wp-block-kadence-advancedheading.kt-adv-heading29_2dfc31-28[data-kb-block=\"kb-adv-heading29_2dfc31-28\"] img.kb-inline-image{width:150px;vertical-align:baseline;}<\/style>\n<h2 class=\"kt-adv-heading29_2dfc31-28 wp-block-kadence-advancedheading\" data-kb-block=\"kb-adv-heading29_2dfc31-28\">HOSTEL INTERWENCYJNY<\/h2>\n\n\n<style>.wp-block-kadence-advancedheading.kt-adv-heading29_22ec63-d1, .wp-block-kadence-advancedheading.kt-adv-heading29_22ec63-d1[data-kb-block=\"kb-adv-heading29_22ec63-d1\"]{font-size:var(--global-kb-font-size-md, 1.25rem);font-style:normal;}.wp-block-kadence-advancedheading.kt-adv-heading29_22ec63-d1 mark.kt-highlight, .wp-block-kadence-advancedheading.kt-adv-heading29_22ec63-d1[data-kb-block=\"kb-adv-heading29_22ec63-d1\"] mark.kt-highlight{font-style:normal;color:#f76a0c;-webkit-box-decoration-break:clone;box-decoration-break:clone;padding-top:0px;padding-right:0px;padding-bottom:0px;padding-left:0px;}.wp-block-kadence-advancedheading.kt-adv-heading29_22ec63-d1 img.kb-inline-image, .wp-block-kadence-advancedheading.kt-adv-heading29_22ec63-d1[data-kb-block=\"kb-adv-heading29_22ec63-d1\"] img.kb-inline-image{width:150px;vertical-align:baseline;}<\/style>\n<p class=\"kt-adv-heading29_22ec63-d1 wp-block-kadence-advancedheading\" data-kb-block=\"kb-adv-heading29_22ec63-d1\"><br>Hostel interwencyjny Stowarzyszenia T\u0119czowi Spo\u0142ecznicy powsta\u0142 w \u0141odzi w czerwcu 2020. <br>Dedykowany jest zar\u00f3wno dla os\u00f3b LGBTI zagro\u017conych bezdomno\u015bci\u0105 czy przemoc\u0105, jak i dla innych os\u00f3b, pozostaj\u0105cych w kryzysie bezdomno\u015bci- zdajemy sobie bowiem spraw\u0119, \u017ce wykluczenie ma wiele twarzy. <\/p>\n\n\n<style>.wp-block-kadence-advancedheading.kt-adv-heading29_8ecedc-06, .wp-block-kadence-advancedheading.kt-adv-heading29_8ecedc-06[data-kb-block=\"kb-adv-heading29_8ecedc-06\"]{font-size:var(--global-kb-font-size-md, 1.25rem);font-style:normal;}.wp-block-kadence-advancedheading.kt-adv-heading29_8ecedc-06 mark.kt-highlight, .wp-block-kadence-advancedheading.kt-adv-heading29_8ecedc-06[data-kb-block=\"kb-adv-heading29_8ecedc-06\"] mark.kt-highlight{font-style:normal;color:#f76a0c;-webkit-box-decoration-break:clone;box-decoration-break:clone;padding-top:0px;padding-right:0px;padding-bottom:0px;padding-left:0px;}.wp-block-kadence-advancedheading.kt-adv-heading29_8ecedc-06 img.kb-inline-image, .wp-block-kadence-advancedheading.kt-adv-heading29_8ecedc-06[data-kb-block=\"kb-adv-heading29_8ecedc-06\"] img.kb-inline-image{width:150px;vertical-align:baseline;}<\/style>\n<p class=\"kt-adv-heading29_8ecedc-06 wp-block-kadence-advancedheading\" data-kb-block=\"kb-adv-heading29_8ecedc-06\">Dla wielu jest to miejsce, kt\u00f3re daje mo\u017cliwo\u015b\u0107 rozpocz\u0119cia nowego etapu \u017cycia w bezpiecznej przestrzeni- oferujemy bowiem naszym podopiecznym nie tylko dach nad g\u0142ow\u0105, ale tak\u017ce pomoc psychologiczn\u0105 oraz opiek\u0119 psychoterapeuty. Aktualnie dysponujemy sze\u015bcioma pokojami, dwoma \u0142azienkami oraz samodzielnie zaadaptowan\u0105 kuchni\u0105. 7.12.2021 Stowarzyszenie otrzyma\u0142o z zasob\u00f3w miasta \u0141odzi budynek, w kt\u00f3rym powstanie nowy, wi\u0119kszy Hostel Interwencyjny. Docelowo planujemy stworzy\u0107 oko\u0142o 30 miejsc noclegowych, mieszkanie interwencyjne dla rodzin oraz gabinety, w kt\u00f3rych specjali\u015bci b\u0119d\u0105 udziela\u0107 pomocy naszym podopiecznym.<\/p>\n\n\n<style>.kb-image29_b57527-0d.kb-image-is-ratio-size, .kb-image29_b57527-0d .kb-image-is-ratio-size{max-width:500px;width:100%;}.wp-block-kadence-column > .kt-inside-inner-col > .kb-image29_b57527-0d.kb-image-is-ratio-size, .wp-block-kadence-column > .kt-inside-inner-col > .kb-image29_b57527-0d .kb-image-is-ratio-size{align-self:unset;}.kb-image29_b57527-0d figure{max-width:500px;}.kb-image29_b57527-0d .image-is-svg, .kb-image29_b57527-0d .image-is-svg img{width:100%;}.kb-image29_b57527-0d .kb-image-has-overlay:after{opacity:0.3;border-top-left-radius:30px;border-top-right-radius:30px;border-bottom-right-radius:30px;border-bottom-left-radius:30px;}.kb-image29_b57527-0d img.kb-img, .kb-image29_b57527-0d .kb-img img{border-top-left-radius:30px;border-top-right-radius:30px;border-bottom-right-radius:30px;border-bottom-left-radius:30px;}<\/style>\n<div class=\"wp-block-kadence-image kb-image29_b57527-0d\"><figure class=\"aligncenter size-large\"><img loading=\"lazy\" decoding=\"async\" width=\"576\" height=\"1024\" src=\"http:\/\/teczowispolecznicy.org\/wp-content\/uploads\/2026\/05\/1000005659-576x1024.jpg\" alt=\"\" class=\"kb-img wp-image-81\" srcset=\"https:\/\/teczowispolecznicy.org\/wp-content\/uploads\/2026\/05\/1000005659-576x1024.jpg 576w, https:\/\/teczowispolecznicy.org\/wp-content\/uploads\/2026\/05\/1000005659-169x300.jpg 169w, https:\/\/teczowispolecznicy.org\/wp-content\/uploads\/2026\/05\/1000005659-768x1365.jpg 768w, https:\/\/teczowispolecznicy.org\/wp-content\/uploads\/2026\/05\/1000005659-864x1536.jpg 864w, https:\/\/teczowispolecznicy.org\/wp-content\/uploads\/2026\/05\/1000005659-1153x2048.jpg 1153w, https:\/\/teczowispolecznicy.org\/wp-content\/uploads\/2026\/05\/1000005659-scaled.jpg 1441w\" sizes=\"auto, (max-width: 576px) 100vw, 576px\" \/><\/figure><\/div>\n<\/div><\/div>\n\n<\/div><\/div>\n\n\n<p><\/p>\n","protected":false},"excerpt":{"rendered":"<p>HOSTEL INTERWENCYJNY Hostel interwencyjny Stowarzyszenia T\u0119czowi Spo\u0142ecznicy powsta\u0142 w \u0141odzi w czerwcu 2020. Dedykowany jest zar\u00f3wno dla os\u00f3b LGBTI zagro\u017conych bezdomno\u015bci\u0105 czy przemoc\u0105, jak i dla innych os\u00f3b, pozostaj\u0105cych w kryzysie bezdomno\u015bci- zdajemy sobie bowiem spraw\u0119, \u017ce wykluczenie ma wiele twarzy. Dla wielu jest to miejsce, kt\u00f3re daje mo\u017cliwo\u015b\u0107 rozpocz\u0119cia nowego etapu \u017cycia w bezpiecznej&#8230;<\/p>\n","protected":false},"author":1,"featured_media":0,"parent":0,"menu_order":0,"comment_status":"closed","ping_status":"closed","template":"","meta":{"_kad_blocks_custom_css":"","_kad_blocks_head_custom_js":"","_kad_blocks_body_custom_js":"","_kad_blocks_footer_custom_js":"","_kad_post_transparent":"","_kad_post_title":"","_kad_post_layout":"","_kad_post_sidebar_id":"","_kad_post_content_style":"","_kad_post_vertical_padding":"","_kad_post_feature":"","_kad_post_feature_position":"","_kad_post_header":false,"_kad_post_footer":false,"_kad_post_classname":"","footnotes":""},"class_list":["post-29","page","type-page","status-publish","hentry"],"taxonomy_info":[],"featured_image_src_large":false,"author_info":{"display_name":"admin","author_link":"https:\/\/teczowispolecznicy.org\/?author=1"},"comment_info":0,"_links":{"self":[{"href":"https:\/\/teczowispolecznicy.org\/index.php?rest_route=\/wp\/v2\/pages\/29","targetHints":{"allow":["GET"]}}],"collection":[{"href":"https:\/\/teczowispolecznicy.org\/index.php?rest_route=\/wp\/v2\/pages"}],"about":[{"href":"https:\/\/teczowispolecznicy.org\/index.php?rest_route=\/wp\/v2\/types\/page"}],"author":[{"embeddable":true,"href":"https:\/\/teczowispolecznicy.org\/index.php?rest_route=\/wp\/v2\/users\/1"}],"replies":[{"embeddable":true,"href":"https:\/\/teczowispolecznicy.org\/index.php?rest_route=%2Fwp%2Fv2%2Fcomments&post=29"}],"version-history":[{"count":5,"href":"https:\/\/teczowispolecznicy.org\/index.php?rest_route=\/wp\/v2\/pages\/29\/revisions"}],"predecessor-version":[{"id":122,"href":"https:\/\/teczowispolecznicy.org\/index.php?rest_route=\/wp\/v2\/pages\/29\/revisions\/122"}],"wp:attachment":[{"href":"https:\/\/teczowispolecznicy.org\/index.php?rest_route=%2Fwp%2Fv2%2Fmedia&parent=29"}],"curies":[{"name":"wp","href":"https:\/\/api.w.org\/{rel}","templated":true}]}}